{"id":9722,"date":"2021-08-25T07:26:28","date_gmt":"2021-08-25T07:26:28","guid":{"rendered":"https:\/\/vaginfo.com\/apie-tai-kaip-mus-pasieke\/"},"modified":"2024-11-17T18:55:05","modified_gmt":"2024-11-17T18:55:05","slug":"apie-mus","status":"publish","type":"page","link":"https:\/\/vaginfo.com\/lt\/apie-mus\/","title":{"rendered":"Apie mus"},"content":{"rendered":"<div class=\"wpb-content-wrapper\"><p>[vc_row full_width=&#8221;stretch_row&#8221; content_placement=&#8221;middle&#8221; css=&#8221;.vc_custom_1731576112994{margin-top: -40px !important;margin-bottom: 80px !important;padding-top: 80px !important;padding-bottom: 40px !important;background-color: #f9f9f9 !important;}&#8221; mobile_bg_img_hidden=&#8221;no&#8221; tablet_bg_img_hidden=&#8221;no&#8221; woodmart_parallax=&#8221;0&#8243; woodmart_gradient_switch=&#8221;no&#8221; row_reverse_mobile=&#8221;0&#8243; row_reverse_tablet=&#8221;0&#8243; woodmart_disable_overflow=&#8221;0&#8243; wd_z_index=&#8221;no&#8221; woodmart_css_id=&#8221;6735c12b127db&#8221; responsive_spacing=&#8221;eyJwYXJhbV90eXBlIjoid29vZG1hcnRfcmVzcG9uc2l2ZV9zcGFjaW5nIiwic2VsZWN0b3JfaWQiOiI2NzM1YzEyYjEyN2RiIiwic2hvcnRjb2RlIjoidmNfcm93IiwiZGF0YSI6eyJ0YWJsZXQiOnt9LCJtb2JpbGUiOnsibWFyZ2luLWJvdHRvbSI6IjYwcHgiLCJwYWRkaW5nLXRvcCI6IjYwcHgiLCJwYWRkaW5nLWJvdHRvbSI6IjIwcHgifX19&#8243; woodmart_box_shadow=&#8221;no&#8221;][vc_column css=&#8221;.vc_custom_1731576213386{margin-bottom: 40px !important;padding-top: 0px !important;}&#8221; mobile_bg_img_hidden=&#8221;no&#8221; tablet_bg_img_hidden=&#8221;no&#8221; woodmart_parallax=&#8221;0&#8243; woodmart_sticky_column=&#8221;false&#8221; parallax_scroll=&#8221;no&#8221; mobile_reset_margin=&#8221;no&#8221; tablet_reset_margin=&#8221;no&#8221; offset=&#8221;vc_col-lg-4 vc_col-md-4 vc_col-xs-12&#8243; wd_z_index=&#8221;no&#8221; woodmart_css_id=&#8221;6735c18cf20e1&#8243; responsive_spacing=&#8221;eyJwYXJhbV90eXBlIjoid29vZG1hcnRfcmVzcG9uc2l2ZV9zcGFjaW5nIiwic2VsZWN0b3JfaWQiOiI2NzM1YzE4Y2YyMGUxIiwic2hvcnRjb2RlIjoidmNfY29sdW1uIiwiZGF0YSI6eyJ0YWJsZXQiOnt9LCJtb2JpbGUiOnt9fX0=&#8221; wd_collapsible_content_switcher=&#8221;no&#8221; wd_column_role_offcanvas_desktop=&#8221;no&#8221; wd_column_role_offcanvas_tablet=&#8221;no&#8221; wd_column_role_offcanvas_mobile=&#8221;no&#8221; wd_column_role_content_desktop=&#8221;no&#8221; wd_column_role_content_tablet=&#8221;no&#8221; wd_column_role_content_mobile=&#8221;no&#8221; woodmart_box_shadow=&#8221;no&#8221;]\n\t\t<div id=\"wd-6735bf8922a4c\" class=\"title-wrapper wd-wpb wd-set-mb reset-last-child  wd-rs-6735bf8922a4c wd-title-color-primary wd-title-style-default text-left vc_custom_1731575700156 wd-width-enabled wd-underline-colored\" style=\"--wd-max-width: 90%;\">\n\t\t\t\t\t\t\t\n\t\t\t\t<div class=\"title-subtitle  subtitle-color-primary font-default subtitle-style-default wd-font-weight-600 wd-fontsize-xs\">PORA \u017dOD\u017dI\u0172 APIE MUS<\/div>\n\t\t\t\n\t\t\t<div class=\"liner-continer\">\n\t\t\t\t<h4 class=\"woodmart-title-container title  wd-font-weight- wd-fontsize-xl\" >Mes galime pad\u0117ti Jums su\u017einoti daugiau apie ma\u0161in\u0105 prie\u0161 j\u0105 perkant<\/h4>\n\t\t\t\t\t\t\t<\/div>\n\t\t\t\n\t\t\t\n\t\t\t\n\t\t<\/div>\n\t\t\n\t\t[\/vc_column][vc_column width=&#8221;1\/2&#8243; css=&#8221;.vc_custom_1731576239072{margin-bottom: 40px !important;padding-top: 20px !important;}&#8221; mobile_bg_img_hidden=&#8221;no&#8221; tablet_bg_img_hidden=&#8221;no&#8221; woodmart_parallax=&#8221;0&#8243; woodmart_sticky_column=&#8221;false&#8221; parallax_scroll=&#8221;no&#8221; mobile_reset_margin=&#8221;no&#8221; tablet_reset_margin=&#8221;no&#8221; offset=&#8221;vc_col-lg-offset-1 vc_col-lg-3 vc_col-md-4&#8243; wd_z_index=&#8221;no&#8221; woodmart_css_id=&#8221;6735c1ab5612c&#8221; responsive_spacing=&#8221;eyJwYXJhbV90eXBlIjoid29vZG1hcnRfcmVzcG9uc2l2ZV9zcGFjaW5nIiwic2VsZWN0b3JfaWQiOiI2NzM1YzFhYjU2MTJjIiwic2hvcnRjb2RlIjoidmNfY29sdW1uIiwiZGF0YSI6eyJ0YWJsZXQiOnt9LCJtb2JpbGUiOnt9fX0=&#8221; wd_collapsible_content_switcher=&#8221;no&#8221; wd_column_role_offcanvas_desktop=&#8221;no&#8221; wd_column_role_offcanvas_tablet=&#8221;no&#8221; wd_column_role_offcanvas_mobile=&#8221;no&#8221; wd_column_role_content_desktop=&#8221;no&#8221; wd_column_role_content_tablet=&#8221;no&#8221; wd_column_role_content_mobile=&#8221;no&#8221; woodmart_box_shadow=&#8221;no&#8221;]\t\t\t<div class=\"info-box-wrapper\">\n\t\t\t\t<div id=\"wd-6735bf5f39e33\" class=\" wd-rs-6735bf5f39e33 wd-info-box wd-wpb text-left box-icon-align-left box-style- color-scheme- wd-bg-none wd-items-top vc_custom_1731575672446\">\n\t\t\t\t\t\t\t\t\t\t<div class=\"info-box-content\">\n\t\t\t\t\t\t<h4 class=\"info-box-title title box-title-style-default wd-fontsize-m\">JAV rinkos auto<\/h4>\t\t\t\t\t\t<div class=\"info-box-inner reset-last-child\"><p>\u017dinant automobilio komplektacij\u0105, \u017einosite ar tas auto vertas m\u016b\u0161io iki paskutinio euro \ud83d\ude42 O gal jis tu\u0161\u010dias kaip kibiras ir nieko vertas?<\/p>\n<\/div>\n\n\t\t\t\t\t\t\t\t\t\t\t<\/div>\n\n\t\t\t\t\t\t\t\t\t\t\t<a class=\"wd-info-box-link wd-fill\" aria-label=\"Infobox link\" href=\"#\" title=\"\"><\/a>\n\t\t\t\t\t\n\t\t\t\t\t\t\t\t\t<\/div>\n\t\t\t<\/div>\n\t\t[\/vc_column][vc_column width=&#8221;1\/2&#8243; css=&#8221;.vc_custom_1731576161256{margin-bottom: 40px !important;}&#8221; mobile_bg_img_hidden=&#8221;no&#8221; tablet_bg_img_hidden=&#8221;no&#8221; woodmart_parallax=&#8221;0&#8243; woodmart_sticky_column=&#8221;false&#8221; parallax_scroll=&#8221;no&#8221; mobile_reset_margin=&#8221;no&#8221; tablet_reset_margin=&#8221;no&#8221; offset=&#8221;vc_col-lg-offset-1 vc_col-lg-3 vc_col-md-4&#8243; wd_z_index=&#8221;no&#8221; woodmart_css_id=&#8221;6735c15ceda40&#8243; responsive_spacing=&#8221;eyJwYXJhbV90eXBlIjoid29vZG1hcnRfcmVzcG9uc2l2ZV9zcGFjaW5nIiwic2VsZWN0b3JfaWQiOiI2NzM1YzE1Y2VkYTQwIiwic2hvcnRjb2RlIjoidmNfY29sdW1uIiwiZGF0YSI6eyJ0YWJsZXQiOnt9LCJtb2JpbGUiOnt9fX0=&#8221; wd_collapsible_content_switcher=&#8221;no&#8221; wd_column_role_offcanvas_desktop=&#8221;no&#8221; wd_column_role_offcanvas_tablet=&#8221;no&#8221; wd_column_role_offcanvas_mobile=&#8221;no&#8221; wd_column_role_content_desktop=&#8221;no&#8221; wd_column_role_content_tablet=&#8221;no&#8221; wd_column_role_content_mobile=&#8221;no&#8221; woodmart_box_shadow=&#8221;no&#8221;]\t\t\t<div class=\"info-box-wrapper\">\n\t\t\t\t<div id=\"wd-6737334d73e08\" class=\" wd-rs-6737334d73e08 wd-info-box wd-wpb text-left box-icon-align-left box-style- color-scheme- wd-bg-none wd-items-top vc_custom_1731670871268\">\n\t\t\t\t\t\t\t\t\t\t<div class=\"info-box-content\">\n\t\t\t\t\t\t<h4 class=\"info-box-title title box-title-style-default wd-fontsize-m\">Kaina<\/h4>\t\t\t\t\t\t<div class=\"info-box-inner reset-last-child\"><p>VAG automobilio komplektacijos generavimas kainuoja tik 5,99eur\u0173.<\/p>\n<\/div>\n\n\t\t\t\t\t\t\t\t\t\t\t<\/div>\n\n\t\t\t\t\t\t\t\t\t\t\t<a class=\"wd-info-box-link wd-fill\" aria-label=\"Infobox link\" href=\"#\" title=\"\"><\/a>\n\t\t\t\t\t\n\t\t\t\t\t\t\t\t\t<\/div>\n\t\t\t<\/div>\n\t\t<div id=\"wd-6735c1069df47\" class=\" wd-rs-6735c1069df47 vc_custom_1731576077655 wd-button-wrapper text-center inline-element\"><a href=\"https:\/\/vaginfo.com\/?add-to-cart=9550\" title=\"\" class=\"btn btn-color-primary btn-style-default btn-shape-semi-round btn-size-extra-large\">U\u017esakyti<\/a><\/div>[\/vc_column][\/vc_row][vc_row css=&#8221;.vc_custom_1731575605344{margin-bottom: 40px !important;}&#8221; mobile_bg_img_hidden=&#8221;no&#8221; tablet_bg_img_hidden=&#8221;no&#8221; woodmart_parallax=&#8221;0&#8243; woodmart_gradient_switch=&#8221;no&#8221; row_reverse_mobile=&#8221;1&#8243; row_reverse_tablet=&#8221;1&#8243; woodmart_disable_overflow=&#8221;0&#8243; wd_z_index=&#8221;no&#8221; woodmart_css_id=&#8221;6735bf33544e6&#8243; responsive_spacing=&#8221;eyJwYXJhbV90eXBlIjoid29vZG1hcnRfcmVzcG9uc2l2ZV9zcGFjaW5nIiwic2VsZWN0b3JfaWQiOiI2NzM1YmYzMzU0NGU2Iiwic2hvcnRjb2RlIjoidmNfcm93IiwiZGF0YSI6eyJ0YWJsZXQiOnt9LCJtb2JpbGUiOnsibWFyZ2luLWJvdHRvbSI6IjIwcHgifX19&#8243; woodmart_box_shadow=&#8221;no&#8221;][vc_column css=&#8221;.vc_custom_1629877010833{margin-bottom: 40px !important;padding-top: 0px !important;}&#8221; mobile_bg_img_hidden=&#8221;no&#8221; tablet_bg_img_hidden=&#8221;no&#8221; woodmart_parallax=&#8221;0&#8243; woodmart_sticky_column=&#8221;false&#8221; parallax_scroll=&#8221;no&#8221; mobile_reset_margin=&#8221;no&#8221; tablet_reset_margin=&#8221;no&#8221; offset=&#8221;vc_col-lg-6 vc_col-md-6&#8243; wd_z_index=&#8221;no&#8221; woodmart_css_id=&#8221;6125f30edad72&#8243; responsive_spacing=&#8221;eyJwYXJhbV90eXBlIjoid29vZG1hcnRfcmVzcG9uc2l2ZV9zcGFjaW5nIiwic2VsZWN0b3JfaWQiOiI2MTI1ZjMwZWRhZDcyIiwic2hvcnRjb2RlIjoidmNfY29sdW1uIiwiZGF0YSI6eyJ0YWJsZXQiOnt9LCJtb2JpbGUiOnt9fX0=&#8221;]\t\t<div id=\"wd-6735be2fc2ce6\" class=\"wd-image wd-wpb wd-rs-6735be2fc2ce6 text-right vc_custom_1731575346698 photoswipe-images\">\n\t\t\t\t\t\t\t<a href=\"https:\/\/vaginfo.com\/wp-content\/uploads\/2024\/11\/Ar-verta.jpg\"  data-width=\"2320\" data-height=\"2320\">\n\t\t\t\n\t\t\t<img loading=\"lazy\" decoding=\"async\" width=\"2320\" height=\"2320\" src=\"https:\/\/vaginfo.com\/wp-content\/uploads\/2024\/11\/Ar-verta.jpg\" class=\"attachment-full size-full\" alt=\"\" srcset=\"https:\/\/vaginfo.com\/wp-content\/uploads\/2024\/11\/Ar-verta.jpg 2320w, https:\/\/vaginfo.com\/wp-content\/uploads\/2024\/11\/Ar-verta-300x300.jpg 300w, https:\/\/vaginfo.com\/wp-content\/uploads\/2024\/11\/Ar-verta-800x800.jpg 800w, https:\/\/vaginfo.com\/wp-content\/uploads\/2024\/11\/Ar-verta-150x150.jpg 150w, https:\/\/vaginfo.com\/wp-content\/uploads\/2024\/11\/Ar-verta-768x768.jpg 768w, https:\/\/vaginfo.com\/wp-content\/uploads\/2024\/11\/Ar-verta-1536x1536.jpg 1536w, https:\/\/vaginfo.com\/wp-content\/uploads\/2024\/11\/Ar-verta-2048x2048.jpg 2048w, https:\/\/vaginfo.com\/wp-content\/uploads\/2024\/11\/Ar-verta-430x430.jpg 430w, https:\/\/vaginfo.com\/wp-content\/uploads\/2024\/11\/Ar-verta-700x700.jpg 700w\" sizes=\"auto, (max-width: 2320px) 100vw, 2320px\" \/>\n\t\t\t\t\t\t\t<\/a>\n\t\t\t\t\t<\/div>\n\t\t[\/vc_column][vc_column css=&#8221;.vc_custom_1731575520355{margin-bottom: 40px !important;padding-top: 5px !important;padding-left: 0px !important;}&#8221; mobile_bg_img_hidden=&#8221;no&#8221; tablet_bg_img_hidden=&#8221;no&#8221; woodmart_parallax=&#8221;0&#8243; woodmart_sticky_column=&#8221;false&#8221; parallax_scroll=&#8221;no&#8221; mobile_reset_margin=&#8221;no&#8221; tablet_reset_margin=&#8221;no&#8221; offset=&#8221;vc_col-lg-offset-1 vc_col-lg-5 vc_col-md-6 vc_col-xs-12&#8243; wd_z_index=&#8221;no&#8221; woodmart_css_id=&#8221;6735bed9437bf&#8221; responsive_spacing=&#8221;eyJwYXJhbV90eXBlIjoid29vZG1hcnRfcmVzcG9uc2l2ZV9zcGFjaW5nIiwic2VsZWN0b3JfaWQiOiI2NzM1YmVkOTQzN2JmIiwic2hvcnRjb2RlIjoidmNfY29sdW1uIiwiZGF0YSI6eyJ0YWJsZXQiOnt9LCJtb2JpbGUiOnsicGFkZGluZy10b3AiOiIwcHgifX19&#8243; wd_collapsible_content_switcher=&#8221;no&#8221; wd_column_role_offcanvas_desktop=&#8221;no&#8221; wd_column_role_offcanvas_tablet=&#8221;no&#8221; wd_column_role_offcanvas_mobile=&#8221;no&#8221; wd_column_role_content_desktop=&#8221;no&#8221; wd_column_role_content_tablet=&#8221;no&#8221; wd_column_role_content_mobile=&#8221;no&#8221; woodmart_box_shadow=&#8221;no&#8221;]\n\t\t<div id=\"wd-6735c3ace8b2a\" class=\"title-wrapper wd-wpb wd-set-mb reset-last-child  wd-rs-6735c3ace8b2a wd-title-color-primary wd-title-style-default text-left vc_custom_1731576773025 wd-underline-colored\">\n\t\t\t\n\t\t\t<div class=\"liner-continer\">\n\t\t\t\t<h4 class=\"woodmart-title-container title  wd-font-weight- wd-fontsize-xxl\" >Automobilio komplektacija<\/h4>\n\t\t\t\t\t\t\t<\/div>\n\t\t\t\n\t\t\t\n\t\t\t\n\t\t<\/div>\n\t\t\n\t\t\t\t<div id=\"wd-6735bd2bb4f0b\" class=\"wd-text-block wd-wpb reset-last-child wd-rs-6735bd2bb4f0b text-left wd-fontsize-custom vc_custom_1731575195381\">\n\t\t\t<p>\u017di\u016brint \u012f nepa\u017e\u012fstam\u0105 automobil\u012f Jus net ne\u012fsivaizduojate, kas jame slypi. Gal jis kaip sakoma tu\u0161\u010dias ir nevertas d\u0117mesio, o gal jis turi kuo d\u017eiuginti savo vairuotoj\u0105? Gavus m\u016bs\u0173 ataskait\u0105 (foto \u0161alia klausim\u0173) neliks.<\/p>\n<p>Mes matome, kad auto turi:<br \/>\n&#8211; Pneumo pakab\u0105<br \/>\n&#8211; Matrix LED \u017eibintus<br \/>\n&#8211; \u0160ildomas ventiliuojamas, masa\u017euojan\u010dias sedines<br \/>\n&#8211; \u0160ildoma vair\u0105<br \/>\n&#8211; \u0160ildoma priekin\u012f stikl\u0105<br \/>\n&#8211; WEBASTA<br \/>\n&#8211; Gera BOSE audio sistema<br \/>\n&#8211; Begale asistentu (kruizas, parkavimas, naktinis matymas ir .t.t.)<br \/>\n&#8211; Gara\u017eo vart\u0173 atidarymo sistema<br \/>\n&#8211; Ir daug kit\u0173 privalum\u0173<\/p>\n<p>O viso \u0161ito g\u0117rio gal\u0117tu ir neb\u016bti.<br \/>\nGerai kai yra VAGauto kur nebrangiai galima patikrinti automobilio komplektacij\u0105.<\/p>\n\t\t<\/div>\n\t\t[\/vc_column][\/vc_row][vc_row][vc_column width=&#8221;1\/2&#8243; css=&#8221;.vc_custom_1731569612259{padding-top: 0px !important;}&#8221; mobile_bg_img_hidden=&#8221;no&#8221; tablet_bg_img_hidden=&#8221;no&#8221; woodmart_parallax=&#8221;0&#8243; woodmart_sticky_column=&#8221;false&#8221; parallax_scroll=&#8221;no&#8221; mobile_reset_margin=&#8221;no&#8221; tablet_reset_margin=&#8221;no&#8221; offset=&#8221;vc_hidden-lg vc_hidden-md vc_hidden-sm vc_hidden-xs&#8221; woodmart_css_id=&#8221;6735a7c3c0f11&#8243; wd_collapsible_content_switcher=&#8221;no&#8221; wd_column_role_offcanvas_desktop=&#8221;no&#8221; wd_column_role_offcanvas_tablet=&#8221;no&#8221; wd_column_role_offcanvas_mobile=&#8221;no&#8221; wd_column_role_content_desktop=&#8221;no&#8221; wd_column_role_content_tablet=&#8221;no&#8221; wd_column_role_content_mobile=&#8221;no&#8221; woodmart_box_shadow=&#8221;no&#8221; responsive_spacing=&#8221;eyJwYXJhbV90eXBlIjoid29vZG1hcnRfcmVzcG9uc2l2ZV9zcGFjaW5nIiwic2VsZWN0b3JfaWQiOiI2NzM1YTdjM2MwZjExIiwic2hvcnRjb2RlIjoidmNfY29sdW1uIiwiZGF0YSI6eyJ0YWJsZXQiOnt9LCJtb2JpbGUiOnt9fX0=&#8221; wd_z_index=&#8221;no&#8221;][vc_video poster_image=&#8221;5222&#8243; image_poster_switch=&#8221;yes&#8221; img_size=&#8221;full&#8221;]\n\t\t<div id=\"wd-604c63b41733b\" class=\"title-wrapper wd-wpb wd-set-mb reset-last-child  wd-rs-604c63b41733b wd-title-color-default wd-title-style-default text-left vc_custom_1615618999087 wd-underline-colored\">\n\t\t\t\n\t\t\t<div class=\"liner-continer\">\n\t\t\t\t<h4 class=\"woodmart-title-container title  wd-font-weight- wd-fontsize-l\" >M\u016bs\u0173 \u012fmon\u0117s istorija ir faktai<\/h4>\n\t\t\t\t\t\t\t<\/div>\n\t\t\t\n\t\t\t\n\t\t\t\n\t\t<\/div>\n\t\t\n\t\t\t\t<div id=\"wd-6125f26cceca6\" class=\"wd-text-block wd-wpb reset-last-child wd-rs-6125f26cceca6 text-left wd-width-custom wd-fontsize-s \">\n\t\t\t<p><em>\u0160iuo metu nesugeb\u0117\u010diau nupie\u0161ti n\u0117 vieno pot\u0117pio, ta\u010diau jau\u010diu, kad niekada nebuvau didesnis menininkas nei dabar.<\/em><\/p>\n\t\t<\/div>\n\t\t[\/vc_column][vc_column width=&#8221;1\/2&#8243; css=&#8221;.vc_custom_1731569627643{padding-top: 0px !important;}&#8221; mobile_bg_img_hidden=&#8221;no&#8221; tablet_bg_img_hidden=&#8221;no&#8221; woodmart_parallax=&#8221;0&#8243; woodmart_sticky_column=&#8221;false&#8221; parallax_scroll=&#8221;no&#8221; mobile_reset_margin=&#8221;no&#8221; tablet_reset_margin=&#8221;no&#8221; wd_z_index=&#8221;no&#8221; woodmart_css_id=&#8221;6735a7d6088c1&#8243; responsive_spacing=&#8221;eyJwYXJhbV90eXBlIjoid29vZG1hcnRfcmVzcG9uc2l2ZV9zcGFjaW5nIiwic2VsZWN0b3JfaWQiOiI2NzM1YTdkNjA4OGMxIiwic2hvcnRjb2RlIjoidmNfY29sdW1uIiwiZGF0YSI6eyJ0YWJsZXQiOnt9LCJtb2JpbGUiOnt9fX0=&#8221; offset=&#8221;vc_hidden-lg vc_hidden-md vc_hidden-sm vc_hidden-xs&#8221; wd_collapsible_content_switcher=&#8221;no&#8221; wd_column_role_offcanvas_desktop=&#8221;no&#8221; wd_column_role_offcanvas_tablet=&#8221;no&#8221; wd_column_role_offcanvas_mobile=&#8221;no&#8221; wd_column_role_content_desktop=&#8221;no&#8221; wd_column_role_content_tablet=&#8221;no&#8221; wd_column_role_content_mobile=&#8221;no&#8221; woodmart_box_shadow=&#8221;no&#8221;][vc_video poster_image=&#8221;5223&#8243; image_poster_switch=&#8221;yes&#8221; img_size=&#8221;full&#8221;]\n\t\t<div id=\"wd-604c63f4baeb6\" class=\"title-wrapper wd-wpb wd-set-mb reset-last-child  wd-rs-604c63f4baeb6 wd-title-color-default wd-title-style-default text-left vc_custom_1615619062292 wd-underline-colored\">\n\t\t\t\n\t\t\t<div class=\"liner-continer\">\n\t\t\t\t<h4 class=\"woodmart-title-container title  wd-font-weight- wd-fontsize-l\" >Projektavimo ir k\u016brimo proceso demonstravimas<\/h4>\n\t\t\t\t\t\t\t<\/div>\n\t\t\t\n\t\t\t\n\t\t\t\n\t\t<\/div>\n\t\t\n\t\t\t\t<div id=\"wd-6125f2c0e928f\" class=\"wd-text-block wd-wpb reset-last-child wd-rs-6125f2c0e928f text-left wd-width-custom wd-fontsize-s \">\n\t\t\t<p><em>Vis\u0105 mano siel\u0105 u\u017evald\u0117 nuostabi ramyb\u0117, kaip ir \u0161ie sald\u016bs pavasario rytai, kuriais m\u0117gaujuosi visa \u0161irdimi.<\/em><\/p>\n\t\t<\/div>\n\t\t[\/vc_column][\/vc_row]<\/p>\n<\/div>","protected":false},"excerpt":{"rendered":"<p>[vc_row full_width=&#8221;stretch_row&#8221; content_placement=&#8221;middle&#8221; css=&#8221;.vc_custom_1731576112994{margin-top: -40px !important;margin-bottom: 80px !important;padding-top: 80px !important;padding-bottom: 40px !important;background-color: #f9f9f9 !important;}&#8221; mobile_bg_img_hidden=&#8221;no&#8221; tablet_bg_img_hidden=&#8221;no&#8221; woodmart_parallax=&#8221;0&#8243; woodmart_gradient_switch=&#8221;no&#8221; row_reverse_mobile=&#8221;0&#8243; row_reverse_tablet=&#8221;0&#8243;<\/p>\n","protected":false},"author":1,"featured_media":0,"parent":0,"menu_order":0,"comment_status":"closed","ping_status":"closed","template":"","meta":{"om_disable_all_campaigns":false,"_monsterinsights_skip_tracking":false,"_monsterinsights_sitenote_active":false,"_monsterinsights_sitenote_note":"","_monsterinsights_sitenote_category":0,"footnotes":""},"class_list":["post-9722","page","type-page","status-publish","hentry"],"aioseo_notices":[],"_links":{"self":[{"href":"https:\/\/vaginfo.com\/lt\/wp-json\/wp\/v2\/pages\/9722","targetHints":{"allow":["GET"]}}],"collection":[{"href":"https:\/\/vaginfo.com\/lt\/wp-json\/wp\/v2\/pages"}],"about":[{"href":"https:\/\/vaginfo.com\/lt\/wp-json\/wp\/v2\/types\/page"}],"author":[{"embeddable":true,"href":"https:\/\/vaginfo.com\/lt\/wp-json\/wp\/v2\/users\/1"}],"replies":[{"embeddable":true,"href":"https:\/\/vaginfo.com\/lt\/wp-json\/wp\/v2\/comments?post=9722"}],"version-history":[{"count":3,"href":"https:\/\/vaginfo.com\/lt\/wp-json\/wp\/v2\/pages\/9722\/revisions"}],"predecessor-version":[{"id":9744,"href":"https:\/\/vaginfo.com\/lt\/wp-json\/wp\/v2\/pages\/9722\/revisions\/9744"}],"wp:attachment":[{"href":"https:\/\/vaginfo.com\/lt\/wp-json\/wp\/v2\/media?parent=9722"}],"curies":[{"name":"wp","href":"https:\/\/api.w.org\/{rel}","templated":true}]}}